{"id":3348,"date":"2015-04-29T14:14:11","date_gmt":"2015-04-29T12:14:11","guid":{"rendered":"http:\/\/spp.bplaced.net\/?page_id=3348"},"modified":"2015-04-29T14:14:11","modified_gmt":"2015-04-29T12:14:11","slug":"p-47-bubbletop-voll-gfk-15","status":"publish","type":"page","link":"https:\/\/spp.bplaced.net\/?page_id=3348","title":{"rendered":"P 47 Bubbletop voll GFK 1:5"},"content":{"rendered":"<p>Hier zu sehen ist eine Lackierung einer P 47 in voll GFK in 1:5. Das Modell hat einen Kolm Reihenmotor eingebaut. Die Lackierung hat sich der Kunde ausgesucht. Sie entspricht keinem speziellen Vorbild.<\/p>\n<p><img loading=\"lazy\" decoding=\"async\" class=\"alignnone size-full wp-image-3349\" alt=\"_DSC0024\" src=\"https:\/\/spp.bplaced.net\/wp-content\/uploads\/2015\/04\/DSC0024.jpg\" width=\"945\" height=\"632\" srcset=\"https:\/\/spp.bplaced.net\/wp-content\/uploads\/2015\/04\/DSC0024.jpg 945w, https:\/\/spp.bplaced.net\/wp-content\/uploads\/2015\/04\/DSC0024-300x200.jpg 300w\" sizes=\"auto, (max-width: 945px) 100vw, 945px\" \/> <img loading=\"lazy\" decoding=\"async\" class=\"alignnone size-full wp-image-3350\" alt=\"_DSC0025\" src=\"https:\/\/spp.bplaced.net\/wp-content\/uploads\/2015\/04\/DSC0025.jpg\" width=\"945\" height=\"632\" srcset=\"https:\/\/spp.bplaced.net\/wp-content\/uploads\/2015\/04\/DSC0025.jpg 945w, https:\/\/spp.bplaced.net\/wp-content\/uploads\/2015\/04\/DSC0025-300x200.jpg 300w\" sizes=\"auto, (max-width: 945px) 100vw, 945px\" \/><\/p>\n<p>Die Haube hat f\u00fcr die K\u00fchlluftf\u00fchrung eine schwarze Platte vorne eingebaut. Das sah uns aber zu langweilig aus. Wir haben ein Bild eines P 47 Sternmotors eingeklebt. Das Bild ist laminiert und matt \u00fcberlackiert worden.<img loading=\"lazy\" decoding=\"async\" class=\"alignnone size-full wp-image-3351\" alt=\"_DSC0026\" src=\"https:\/\/spp.bplaced.net\/wp-content\/uploads\/2015\/04\/DSC0026.jpg\" width=\"945\" height=\"632\" srcset=\"https:\/\/spp.bplaced.net\/wp-content\/uploads\/2015\/04\/DSC0026.jpg 945w, https:\/\/spp.bplaced.net\/wp-content\/uploads\/2015\/04\/DSC0026-300x200.jpg 300w\" sizes=\"auto, (max-width: 945px) 100vw, 945px\" \/> <img loading=\"lazy\" decoding=\"async\" class=\"alignnone size-full wp-image-3352\" alt=\"_DSC0027\" src=\"https:\/\/spp.bplaced.net\/wp-content\/uploads\/2015\/04\/DSC0027.jpg\" width=\"945\" height=\"632\" srcset=\"https:\/\/spp.bplaced.net\/wp-content\/uploads\/2015\/04\/DSC0027.jpg 945w, https:\/\/spp.bplaced.net\/wp-content\/uploads\/2015\/04\/DSC0027-300x200.jpg 300w\" sizes=\"auto, (max-width: 945px) 100vw, 945px\" \/> <img loading=\"lazy\" decoding=\"async\" class=\"alignnone size-full wp-image-3353\" alt=\"_DSC0028\" src=\"https:\/\/spp.bplaced.net\/wp-content\/uploads\/2015\/04\/DSC0028.jpg\" width=\"945\" height=\"632\" srcset=\"https:\/\/spp.bplaced.net\/wp-content\/uploads\/2015\/04\/DSC0028.jpg 945w, https:\/\/spp.bplaced.net\/wp-content\/uploads\/2015\/04\/DSC0028-300x200.jpg 300w\" sizes=\"auto, (max-width: 945px) 100vw, 945px\" \/> <img loading=\"lazy\" decoding=\"async\" class=\"alignnone size-full wp-image-3354\" alt=\"_DSC0029\" src=\"https:\/\/spp.bplaced.net\/wp-content\/uploads\/2015\/04\/DSC0029.jpg\" width=\"945\" height=\"632\" srcset=\"https:\/\/spp.bplaced.net\/wp-content\/uploads\/2015\/04\/DSC0029.jpg 945w, https:\/\/spp.bplaced.net\/wp-content\/uploads\/2015\/04\/DSC0029-300x200.jpg 300w\" sizes=\"auto, (max-width: 945px) 100vw, 945px\" \/> <img loading=\"lazy\" decoding=\"async\" class=\"alignnone size-full wp-image-3355\" alt=\"_DSC0030\" src=\"https:\/\/spp.bplaced.net\/wp-content\/uploads\/2015\/04\/DSC0030.jpg\" width=\"945\" height=\"632\" srcset=\"https:\/\/spp.bplaced.net\/wp-content\/uploads\/2015\/04\/DSC0030.jpg 945w, https:\/\/spp.bplaced.net\/wp-content\/uploads\/2015\/04\/DSC0030-300x200.jpg 300w\" sizes=\"auto, (max-width: 945px) 100vw, 945px\" \/> <img loading=\"lazy\" decoding=\"async\" class=\"alignnone size-full wp-image-3356\" alt=\"_DSC0031\" src=\"https:\/\/spp.bplaced.net\/wp-content\/uploads\/2015\/04\/DSC0031.jpg\" width=\"945\" height=\"632\" srcset=\"https:\/\/spp.bplaced.net\/wp-content\/uploads\/2015\/04\/DSC0031.jpg 945w, https:\/\/spp.bplaced.net\/wp-content\/uploads\/2015\/04\/DSC0031-300x200.jpg 300w\" sizes=\"auto, (max-width: 945px) 100vw, 945px\" \/><\/p>\n<p>die Kanonen<img loading=\"lazy\" decoding=\"async\" class=\"alignnone size-full wp-image-3357\" alt=\"_DSC0032\" src=\"https:\/\/spp.bplaced.net\/wp-content\/uploads\/2015\/04\/DSC0032.jpg\" width=\"945\" height=\"632\" srcset=\"https:\/\/spp.bplaced.net\/wp-content\/uploads\/2015\/04\/DSC0032.jpg 945w, https:\/\/spp.bplaced.net\/wp-content\/uploads\/2015\/04\/DSC0032-300x200.jpg 300w\" sizes=\"auto, (max-width: 945px) 100vw, 945px\" \/> <img loading=\"lazy\" decoding=\"async\" class=\"alignnone size-full wp-image-3358\" alt=\"_DSC0034\" src=\"https:\/\/spp.bplaced.net\/wp-content\/uploads\/2015\/04\/DSC0034.jpg\" width=\"945\" height=\"632\" srcset=\"https:\/\/spp.bplaced.net\/wp-content\/uploads\/2015\/04\/DSC0034.jpg 945w, https:\/\/spp.bplaced.net\/wp-content\/uploads\/2015\/04\/DSC0034-300x200.jpg 300w\" sizes=\"auto, (max-width: 945px) 100vw, 945px\" \/><\/p>\n<p>Unterseite<img loading=\"lazy\" decoding=\"async\" class=\"alignnone size-full wp-image-3359\" alt=\"_DSC0035\" src=\"https:\/\/spp.bplaced.net\/wp-content\/uploads\/2015\/04\/DSC0035.jpg\" width=\"945\" height=\"632\" srcset=\"https:\/\/spp.bplaced.net\/wp-content\/uploads\/2015\/04\/DSC0035.jpg 945w, https:\/\/spp.bplaced.net\/wp-content\/uploads\/2015\/04\/DSC0035-300x200.jpg 300w\" sizes=\"auto, (max-width: 945px) 100vw, 945px\" \/> <img loading=\"lazy\" decoding=\"async\" class=\"alignnone size-full wp-image-3360\" alt=\"_DSC0036\" src=\"https:\/\/spp.bplaced.net\/wp-content\/uploads\/2015\/04\/DSC0036.jpg\" width=\"945\" height=\"632\" srcset=\"https:\/\/spp.bplaced.net\/wp-content\/uploads\/2015\/04\/DSC0036.jpg 945w, https:\/\/spp.bplaced.net\/wp-content\/uploads\/2015\/04\/DSC0036-300x200.jpg 300w\" sizes=\"auto, (max-width: 945px) 100vw, 945px\" \/><\/p>\n<p>n\u00e4her&#8230;<img loading=\"lazy\" decoding=\"async\" class=\"alignnone size-full wp-image-3361\" alt=\"_DSC0037\" src=\"https:\/\/spp.bplaced.net\/wp-content\/uploads\/2015\/04\/DSC0037.jpg\" width=\"945\" height=\"632\" srcset=\"https:\/\/spp.bplaced.net\/wp-content\/uploads\/2015\/04\/DSC0037.jpg 945w, https:\/\/spp.bplaced.net\/wp-content\/uploads\/2015\/04\/DSC0037-300x200.jpg 300w\" sizes=\"auto, (max-width: 945px) 100vw, 945px\" \/><\/p>\n","protected":false},"excerpt":{"rendered":"<p>Hier zu sehen ist eine Lackierung einer P 47 in voll GFK in 1:5. Das Modell hat einen Kolm Reihenmotor eingebaut. Die Lackierung hat sich der Kunde ausgesucht. Sie entspricht keinem speziellen Vorbild. Die Haube hat f\u00fcr die K\u00fchlluftf\u00fchrung eine schwarze Platte vorne eingebaut. Das sah uns aber zu langweilig aus. Wir haben ein Bild eines P 47 Sternmotors eingeklebt. &hellip; <a href=\"https:\/\/spp.bplaced.net\/?page_id=3348\"><\/a><\/p>\n","protected":false},"author":1,"featured_media":0,"parent":68,"menu_order":0,"comment_status":"open","ping_status":"open","template":"","meta":{"footnotes":""},"class_list":["post-3348","page","type-page","status-publish","hentry"],"_links":{"self":[{"href":"https:\/\/spp.bplaced.net\/index.php?rest_route=\/wp\/v2\/pages\/3348","targetHints":{"allow":["GET"]}}],"collection":[{"href":"https:\/\/spp.bplaced.net\/index.php?rest_route=\/wp\/v2\/pages"}],"about":[{"href":"https:\/\/spp.bplaced.net\/index.php?rest_route=\/wp\/v2\/types\/page"}],"author":[{"embeddable":true,"href":"https:\/\/spp.bplaced.net\/index.php?rest_route=\/wp\/v2\/users\/1"}],"replies":[{"embeddable":true,"href":"https:\/\/spp.bplaced.net\/index.php?rest_route=%2Fwp%2Fv2%2Fcomments&post=3348"}],"version-history":[{"count":1,"href":"https:\/\/spp.bplaced.net\/index.php?rest_route=\/wp\/v2\/pages\/3348\/revisions"}],"predecessor-version":[{"id":3362,"href":"https:\/\/spp.bplaced.net\/index.php?rest_route=\/wp\/v2\/pages\/3348\/revisions\/3362"}],"up":[{"embeddable":true,"href":"https:\/\/spp.bplaced.net\/index.php?rest_route=\/wp\/v2\/pages\/68"}],"wp:attachment":[{"href":"https:\/\/spp.bplaced.net\/index.php?rest_route=%2Fwp%2Fv2%2Fmedia&parent=3348"}],"curies":[{"name":"wp","href":"https:\/\/api.w.org\/{rel}","templated":true}]}}