{"id":4443,"date":"2015-12-01T21:42:41","date_gmt":"2015-12-01T19:42:41","guid":{"rendered":"http:\/\/spp.bplaced.net\/?page_id=4443"},"modified":"2015-12-12T20:59:10","modified_gmt":"2015-12-12T18:59:10","slug":"extra-300-von-extremflight-mit-32-m-und-dle-170","status":"publish","type":"page","link":"https:\/\/spp.bplaced.net\/?page_id=4443","title":{"rendered":"Extra 300 von Extremflight mit 3,2 m und DLE 170"},"content":{"rendered":"<p>los gehts&#8230;&#8230;<\/p>\n<p><img loading=\"lazy\" decoding=\"async\" class=\"alignleft size-full wp-image-4441\" alt=\"_DSC0691\" src=\"https:\/\/spp.bplaced.net\/wp-content\/uploads\/2015\/12\/DSC0691.jpg\" width=\"1772\" height=\"1186\" srcset=\"https:\/\/spp.bplaced.net\/wp-content\/uploads\/2015\/12\/DSC0691.jpg 1772w, https:\/\/spp.bplaced.net\/wp-content\/uploads\/2015\/12\/DSC0691-300x200.jpg 300w, https:\/\/spp.bplaced.net\/wp-content\/uploads\/2015\/12\/DSC0691-1024x685.jpg 1024w\" sizes=\"auto, (max-width: 1772px) 100vw, 1772px\" \/><\/p>\n<p>&nbsp;<\/p>\n<p><img loading=\"lazy\" decoding=\"async\" class=\"alignleft size-full wp-image-4440\" alt=\"_DSC0690\" src=\"https:\/\/spp.bplaced.net\/wp-content\/uploads\/2015\/12\/DSC0690.jpg\" width=\"1772\" height=\"1186\" srcset=\"https:\/\/spp.bplaced.net\/wp-content\/uploads\/2015\/12\/DSC0690.jpg 1772w, https:\/\/spp.bplaced.net\/wp-content\/uploads\/2015\/12\/DSC0690-300x200.jpg 300w, https:\/\/spp.bplaced.net\/wp-content\/uploads\/2015\/12\/DSC0690-1024x685.jpg 1024w\" sizes=\"auto, (max-width: 1772px) 100vw, 1772px\" \/><\/p>\n<p>&nbsp;<\/p>\n<p><img loading=\"lazy\" decoding=\"async\" class=\"alignleft size-full wp-image-4439\" alt=\"_DSC0689\" src=\"https:\/\/spp.bplaced.net\/wp-content\/uploads\/2015\/12\/DSC0689.jpg\" width=\"1772\" height=\"1186\" srcset=\"https:\/\/spp.bplaced.net\/wp-content\/uploads\/2015\/12\/DSC0689.jpg 1772w, https:\/\/spp.bplaced.net\/wp-content\/uploads\/2015\/12\/DSC0689-300x200.jpg 300w, https:\/\/spp.bplaced.net\/wp-content\/uploads\/2015\/12\/DSC0689-1024x685.jpg 1024w\" sizes=\"auto, (max-width: 1772px) 100vw, 1772px\" \/> <img loading=\"lazy\" decoding=\"async\" class=\"alignleft size-full wp-image-4438\" alt=\"_DSC0688\" src=\"https:\/\/spp.bplaced.net\/wp-content\/uploads\/2015\/12\/DSC0688.jpg\" width=\"1772\" height=\"1186\" srcset=\"https:\/\/spp.bplaced.net\/wp-content\/uploads\/2015\/12\/DSC0688.jpg 1772w, https:\/\/spp.bplaced.net\/wp-content\/uploads\/2015\/12\/DSC0688-300x200.jpg 300w, https:\/\/spp.bplaced.net\/wp-content\/uploads\/2015\/12\/DSC0688-1024x685.jpg 1024w\" sizes=\"auto, (max-width: 1772px) 100vw, 1772px\" \/><\/p>\n<p>&nbsp;<\/p>\n<p><img loading=\"lazy\" decoding=\"async\" class=\"alignleft size-full wp-image-4446\" alt=\"_DSC0692\" src=\"https:\/\/spp.bplaced.net\/wp-content\/uploads\/2015\/12\/DSC0692.jpg\" width=\"1772\" height=\"1186\" srcset=\"https:\/\/spp.bplaced.net\/wp-content\/uploads\/2015\/12\/DSC0692.jpg 1772w, https:\/\/spp.bplaced.net\/wp-content\/uploads\/2015\/12\/DSC0692-300x200.jpg 300w, https:\/\/spp.bplaced.net\/wp-content\/uploads\/2015\/12\/DSC0692-1024x685.jpg 1024w\" sizes=\"auto, (max-width: 1772px) 100vw, 1772px\" \/> <img loading=\"lazy\" decoding=\"async\" class=\"alignleft size-full wp-image-4447\" alt=\"_DSC0693\" src=\"https:\/\/spp.bplaced.net\/wp-content\/uploads\/2015\/12\/DSC0693.jpg\" width=\"1772\" height=\"1186\" srcset=\"https:\/\/spp.bplaced.net\/wp-content\/uploads\/2015\/12\/DSC0693.jpg 1772w, https:\/\/spp.bplaced.net\/wp-content\/uploads\/2015\/12\/DSC0693-300x200.jpg 300w, https:\/\/spp.bplaced.net\/wp-content\/uploads\/2015\/12\/DSC0693-1024x685.jpg 1024w\" sizes=\"auto, (max-width: 1772px) 100vw, 1772px\" \/><\/p>\n<p><img loading=\"lazy\" decoding=\"async\" class=\"alignleft size-full wp-image-4437\" alt=\"_DSC0686\" src=\"https:\/\/spp.bplaced.net\/wp-content\/uploads\/2015\/12\/DSC0686.jpg\" width=\"1772\" height=\"1186\" srcset=\"https:\/\/spp.bplaced.net\/wp-content\/uploads\/2015\/12\/DSC0686.jpg 1772w, https:\/\/spp.bplaced.net\/wp-content\/uploads\/2015\/12\/DSC0686-300x200.jpg 300w, https:\/\/spp.bplaced.net\/wp-content\/uploads\/2015\/12\/DSC0686-1024x685.jpg 1024w\" sizes=\"auto, (max-width: 1772px) 100vw, 1772px\" \/><\/p>\n<p>&nbsp;<\/p>\n<p><img loading=\"lazy\" decoding=\"async\" class=\"alignleft size-full wp-image-4436\" alt=\"_DSC0685\" src=\"https:\/\/spp.bplaced.net\/wp-content\/uploads\/2015\/12\/DSC0685.jpg\" width=\"1772\" height=\"1186\" srcset=\"https:\/\/spp.bplaced.net\/wp-content\/uploads\/2015\/12\/DSC0685.jpg 1772w, https:\/\/spp.bplaced.net\/wp-content\/uploads\/2015\/12\/DSC0685-300x200.jpg 300w, https:\/\/spp.bplaced.net\/wp-content\/uploads\/2015\/12\/DSC0685-1024x685.jpg 1024w\" sizes=\"auto, (max-width: 1772px) 100vw, 1772px\" \/><\/p>\n<p>&nbsp;<\/p>\n<p><img loading=\"lazy\" decoding=\"async\" class=\"alignleft size-full wp-image-4435\" alt=\"_DSC0683\" src=\"https:\/\/spp.bplaced.net\/wp-content\/uploads\/2015\/12\/DSC0683.jpg\" width=\"1772\" height=\"2647\" srcset=\"https:\/\/spp.bplaced.net\/wp-content\/uploads\/2015\/12\/DSC0683.jpg 1772w, https:\/\/spp.bplaced.net\/wp-content\/uploads\/2015\/12\/DSC0683-200x300.jpg 200w, https:\/\/spp.bplaced.net\/wp-content\/uploads\/2015\/12\/DSC0683-685x1024.jpg 685w\" sizes=\"auto, (max-width: 1772px) 100vw, 1772px\" \/><\/p>\n<p><img loading=\"lazy\" decoding=\"async\" class=\"alignleft size-full wp-image-4451\" alt=\"IMG_0093\" src=\"https:\/\/spp.bplaced.net\/wp-content\/uploads\/2015\/12\/IMG_0093.jpg\" width=\"1772\" height=\"1329\" srcset=\"https:\/\/spp.bplaced.net\/wp-content\/uploads\/2015\/12\/IMG_0093.jpg 1772w, https:\/\/spp.bplaced.net\/wp-content\/uploads\/2015\/12\/IMG_0093-300x225.jpg 300w, https:\/\/spp.bplaced.net\/wp-content\/uploads\/2015\/12\/IMG_0093-1024x767.jpg 1024w\" sizes=\"auto, (max-width: 1772px) 100vw, 1772px\" \/> <img loading=\"lazy\" decoding=\"async\" class=\"alignleft size-full wp-image-4453\" alt=\"IMG_0097\" src=\"https:\/\/spp.bplaced.net\/wp-content\/uploads\/2015\/12\/IMG_0097.jpg\" width=\"1772\" height=\"1329\" srcset=\"https:\/\/spp.bplaced.net\/wp-content\/uploads\/2015\/12\/IMG_0097.jpg 1772w, https:\/\/spp.bplaced.net\/wp-content\/uploads\/2015\/12\/IMG_0097-300x225.jpg 300w, https:\/\/spp.bplaced.net\/wp-content\/uploads\/2015\/12\/IMG_0097-1024x767.jpg 1024w\" sizes=\"auto, (max-width: 1772px) 100vw, 1772px\" \/> <img loading=\"lazy\" decoding=\"async\" class=\"alignleft size-full wp-image-4454\" alt=\"IMG_0098\" src=\"https:\/\/spp.bplaced.net\/wp-content\/uploads\/2015\/12\/IMG_0098.jpg\" width=\"1772\" height=\"1329\" srcset=\"https:\/\/spp.bplaced.net\/wp-content\/uploads\/2015\/12\/IMG_0098.jpg 1772w, https:\/\/spp.bplaced.net\/wp-content\/uploads\/2015\/12\/IMG_0098-300x225.jpg 300w, https:\/\/spp.bplaced.net\/wp-content\/uploads\/2015\/12\/IMG_0098-1024x767.jpg 1024w\" sizes=\"auto, (max-width: 1772px) 100vw, 1772px\" \/>Der DLE hat einen CFK Ansaugtrichter bekommen f\u00fcr besseres Laufverhalten.<\/p>\n<p><img loading=\"lazy\" decoding=\"async\" class=\"alignleft  wp-image-4449\" alt=\"IMG_0099\" src=\"https:\/\/spp.bplaced.net\/wp-content\/uploads\/2015\/12\/IMG_0099.jpg\" width=\"637\" height=\"462\" \/> <img loading=\"lazy\" decoding=\"async\" class=\"alignleft size-full wp-image-4434\" alt=\"_DSC0682\" src=\"https:\/\/spp.bplaced.net\/wp-content\/uploads\/2015\/12\/DSC0682.jpg\" width=\"1772\" height=\"1186\" srcset=\"https:\/\/spp.bplaced.net\/wp-content\/uploads\/2015\/12\/DSC0682.jpg 1772w, https:\/\/spp.bplaced.net\/wp-content\/uploads\/2015\/12\/DSC0682-300x200.jpg 300w, https:\/\/spp.bplaced.net\/wp-content\/uploads\/2015\/12\/DSC0682-1024x685.jpg 1024w\" sizes=\"auto, (max-width: 1772px) 100vw, 1772px\" \/><\/p>\n<p>Ein paar Schriften m\u00fcssen auch sein.<\/p>\n<p><img loading=\"lazy\" decoding=\"async\" class=\"alignleft size-full wp-image-4480\" alt=\"IMG_0148\" src=\"https:\/\/spp.bplaced.net\/wp-content\/uploads\/2015\/12\/IMG_0148.jpg\" width=\"1772\" height=\"1329\" srcset=\"https:\/\/spp.bplaced.net\/wp-content\/uploads\/2015\/12\/IMG_0148.jpg 1772w, https:\/\/spp.bplaced.net\/wp-content\/uploads\/2015\/12\/IMG_0148-300x225.jpg 300w, https:\/\/spp.bplaced.net\/wp-content\/uploads\/2015\/12\/IMG_0148-1024x767.jpg 1024w\" sizes=\"auto, (max-width: 1772px) 100vw, 1772px\" \/> <img loading=\"lazy\" decoding=\"async\" class=\"alignleft size-full wp-image-4481\" alt=\"IMG_0149\" src=\"https:\/\/spp.bplaced.net\/wp-content\/uploads\/2015\/12\/IMG_0149.jpg\" width=\"1772\" height=\"1329\" srcset=\"https:\/\/spp.bplaced.net\/wp-content\/uploads\/2015\/12\/IMG_0149.jpg 1772w, https:\/\/spp.bplaced.net\/wp-content\/uploads\/2015\/12\/IMG_0149-300x225.jpg 300w, https:\/\/spp.bplaced.net\/wp-content\/uploads\/2015\/12\/IMG_0149-1024x767.jpg 1024w\" sizes=\"auto, (max-width: 1772px) 100vw, 1772px\" \/><\/p>\n<p>Ausschl\u00e4ge und Halter f\u00fcr die Rauchpatronen.<\/p>\n<p><img loading=\"lazy\" decoding=\"async\" class=\"alignleft size-full wp-image-4488\" alt=\"IMG_0155\" src=\"https:\/\/spp.bplaced.net\/wp-content\/uploads\/2015\/12\/IMG_0155.jpg\" width=\"1772\" height=\"1329\" srcset=\"https:\/\/spp.bplaced.net\/wp-content\/uploads\/2015\/12\/IMG_0155.jpg 1772w, https:\/\/spp.bplaced.net\/wp-content\/uploads\/2015\/12\/IMG_0155-300x225.jpg 300w, https:\/\/spp.bplaced.net\/wp-content\/uploads\/2015\/12\/IMG_0155-1024x767.jpg 1024w\" sizes=\"auto, (max-width: 1772px) 100vw, 1772px\" \/> <img loading=\"lazy\" decoding=\"async\" class=\"alignleft size-full wp-image-4489\" alt=\"IMG_0156\" src=\"https:\/\/spp.bplaced.net\/wp-content\/uploads\/2015\/12\/IMG_0156.jpg\" width=\"1772\" height=\"1329\" srcset=\"https:\/\/spp.bplaced.net\/wp-content\/uploads\/2015\/12\/IMG_0156.jpg 1772w, https:\/\/spp.bplaced.net\/wp-content\/uploads\/2015\/12\/IMG_0156-300x225.jpg 300w, https:\/\/spp.bplaced.net\/wp-content\/uploads\/2015\/12\/IMG_0156-1024x767.jpg 1024w\" sizes=\"auto, (max-width: 1772px) 100vw, 1772px\" \/> <a href=\"https:\/\/spp.bplaced.net\/wp-content\/uploads\/2015\/12\/IMG_0157.jpg\"><img loading=\"lazy\" decoding=\"async\" class=\"alignleft size-full wp-image-4490\" alt=\"IMG_0157\" src=\"https:\/\/spp.bplaced.net\/wp-content\/uploads\/2015\/12\/IMG_0157.jpg\" width=\"1329\" height=\"1772\" srcset=\"https:\/\/spp.bplaced.net\/wp-content\/uploads\/2015\/12\/IMG_0157.jpg 1329w, https:\/\/spp.bplaced.net\/wp-content\/uploads\/2015\/12\/IMG_0157-225x300.jpg 225w, https:\/\/spp.bplaced.net\/wp-content\/uploads\/2015\/12\/IMG_0157-767x1024.jpg 767w\" sizes=\"auto, (max-width: 1329px) 100vw, 1329px\" \/><\/a> <img loading=\"lazy\" decoding=\"async\" class=\"alignleft size-full wp-image-4491\" alt=\"IMG_0158\" src=\"https:\/\/spp.bplaced.net\/wp-content\/uploads\/2015\/12\/IMG_0158.jpg\" width=\"1772\" height=\"1329\" srcset=\"https:\/\/spp.bplaced.net\/wp-content\/uploads\/2015\/12\/IMG_0158.jpg 1772w, https:\/\/spp.bplaced.net\/wp-content\/uploads\/2015\/12\/IMG_0158-300x225.jpg 300w, https:\/\/spp.bplaced.net\/wp-content\/uploads\/2015\/12\/IMG_0158-1024x767.jpg 1024w\" sizes=\"auto, (max-width: 1772px) 100vw, 1772px\" \/> <img loading=\"lazy\" decoding=\"async\" class=\"alignleft size-full wp-image-4492\" alt=\"IMG_0159\" src=\"https:\/\/spp.bplaced.net\/wp-content\/uploads\/2015\/12\/IMG_0159.jpg\" width=\"1772\" height=\"1329\" srcset=\"https:\/\/spp.bplaced.net\/wp-content\/uploads\/2015\/12\/IMG_0159.jpg 1772w, https:\/\/spp.bplaced.net\/wp-content\/uploads\/2015\/12\/IMG_0159-300x225.jpg 300w, https:\/\/spp.bplaced.net\/wp-content\/uploads\/2015\/12\/IMG_0159-1024x767.jpg 1024w\" sizes=\"auto, (max-width: 1772px) 100vw, 1772px\" \/><\/p>\n<p>Geplottete Aufkleber&#8230;..<\/p>\n<p><img loading=\"lazy\" decoding=\"async\" class=\"alignleft size-full wp-image-4482\" alt=\"IMG_0150\" src=\"https:\/\/spp.bplaced.net\/wp-content\/uploads\/2015\/12\/IMG_0150.jpg\" width=\"1772\" height=\"1329\" srcset=\"https:\/\/spp.bplaced.net\/wp-content\/uploads\/2015\/12\/IMG_0150.jpg 1772w, https:\/\/spp.bplaced.net\/wp-content\/uploads\/2015\/12\/IMG_0150-300x225.jpg 300w, https:\/\/spp.bplaced.net\/wp-content\/uploads\/2015\/12\/IMG_0150-1024x767.jpg 1024w\" sizes=\"auto, (max-width: 1772px) 100vw, 1772px\" \/> <img loading=\"lazy\" decoding=\"async\" class=\"alignleft size-full wp-image-4483\" alt=\"IMG_0151\" src=\"https:\/\/spp.bplaced.net\/wp-content\/uploads\/2015\/12\/IMG_0151.jpg\" width=\"1772\" height=\"1329\" srcset=\"https:\/\/spp.bplaced.net\/wp-content\/uploads\/2015\/12\/IMG_0151.jpg 1772w, https:\/\/spp.bplaced.net\/wp-content\/uploads\/2015\/12\/IMG_0151-300x225.jpg 300w, https:\/\/spp.bplaced.net\/wp-content\/uploads\/2015\/12\/IMG_0151-1024x767.jpg 1024w\" sizes=\"auto, (max-width: 1772px) 100vw, 1772px\" \/>\u00a0<a href=\"https:\/\/spp.bplaced.net\/wp-content\/uploads\/2015\/12\/IMG_0161.jpg\"><img loading=\"lazy\" decoding=\"async\" class=\"alignleft size-full wp-image-4496\" alt=\"IMG_0161\" src=\"https:\/\/spp.bplaced.net\/wp-content\/uploads\/2015\/12\/IMG_0161.jpg\" width=\"1772\" height=\"1329\" srcset=\"https:\/\/spp.bplaced.net\/wp-content\/uploads\/2015\/12\/IMG_0161.jpg 1772w, https:\/\/spp.bplaced.net\/wp-content\/uploads\/2015\/12\/IMG_0161-300x225.jpg 300w, https:\/\/spp.bplaced.net\/wp-content\/uploads\/2015\/12\/IMG_0161-1024x767.jpg 1024w\" sizes=\"auto, (max-width: 1772px) 100vw, 1772px\" \/><\/a><\/p>\n<p><img loading=\"lazy\" decoding=\"async\" class=\"alignleft size-full wp-image-4458\" alt=\"IMG_0126\" src=\"https:\/\/spp.bplaced.net\/wp-content\/uploads\/2015\/12\/IMG_0126.jpg\" width=\"1772\" height=\"1329\" srcset=\"https:\/\/spp.bplaced.net\/wp-content\/uploads\/2015\/12\/IMG_0126.jpg 1772w, https:\/\/spp.bplaced.net\/wp-content\/uploads\/2015\/12\/IMG_0126-300x225.jpg 300w, https:\/\/spp.bplaced.net\/wp-content\/uploads\/2015\/12\/IMG_0126-1024x767.jpg 1024w\" sizes=\"auto, (max-width: 1772px) 100vw, 1772px\" \/><\/p>\n<p><img loading=\"lazy\" decoding=\"async\" class=\"alignleft size-full wp-image-4469\" alt=\"IMG_0141\" src=\"https:\/\/spp.bplaced.net\/wp-content\/uploads\/2015\/12\/IMG_0141.jpg\" width=\"1772\" height=\"2363\" srcset=\"https:\/\/spp.bplaced.net\/wp-content\/uploads\/2015\/12\/IMG_0141.jpg 1772w, https:\/\/spp.bplaced.net\/wp-content\/uploads\/2015\/12\/IMG_0141-224x300.jpg 224w, https:\/\/spp.bplaced.net\/wp-content\/uploads\/2015\/12\/IMG_0141-767x1024.jpg 767w\" sizes=\"auto, (max-width: 1772px) 100vw, 1772px\" \/> <img loading=\"lazy\" decoding=\"async\" class=\"alignleft size-full wp-image-4459\" alt=\"IMG_0127\" src=\"https:\/\/spp.bplaced.net\/wp-content\/uploads\/2015\/12\/IMG_0127.jpg\" width=\"1772\" height=\"1329\" srcset=\"https:\/\/spp.bplaced.net\/wp-content\/uploads\/2015\/12\/IMG_0127.jpg 1772w, https:\/\/spp.bplaced.net\/wp-content\/uploads\/2015\/12\/IMG_0127-300x225.jpg 300w, https:\/\/spp.bplaced.net\/wp-content\/uploads\/2015\/12\/IMG_0127-1024x767.jpg 1024w\" sizes=\"auto, (max-width: 1772px) 100vw, 1772px\" \/> <img loading=\"lazy\" decoding=\"async\" class=\"alignleft size-full wp-image-4460\" alt=\"IMG_0128\" src=\"https:\/\/spp.bplaced.net\/wp-content\/uploads\/2015\/12\/IMG_0128.jpg\" width=\"1772\" height=\"2363\" srcset=\"https:\/\/spp.bplaced.net\/wp-content\/uploads\/2015\/12\/IMG_0128.jpg 1772w, https:\/\/spp.bplaced.net\/wp-content\/uploads\/2015\/12\/IMG_0128-224x300.jpg 224w, https:\/\/spp.bplaced.net\/wp-content\/uploads\/2015\/12\/IMG_0128-767x1024.jpg 767w\" sizes=\"auto, (max-width: 1772px) 100vw, 1772px\" \/> <img loading=\"lazy\" decoding=\"async\" class=\"alignleft size-full wp-image-4461\" alt=\"IMG_0129\" src=\"https:\/\/spp.bplaced.net\/wp-content\/uploads\/2015\/12\/IMG_0129.jpg\" width=\"1772\" height=\"1329\" srcset=\"https:\/\/spp.bplaced.net\/wp-content\/uploads\/2015\/12\/IMG_0129.jpg 1772w, https:\/\/spp.bplaced.net\/wp-content\/uploads\/2015\/12\/IMG_0129-300x225.jpg 300w, https:\/\/spp.bplaced.net\/wp-content\/uploads\/2015\/12\/IMG_0129-1024x767.jpg 1024w\" sizes=\"auto, (max-width: 1772px) 100vw, 1772px\" \/> <img loading=\"lazy\" decoding=\"async\" class=\"alignleft size-full wp-image-4508\" alt=\"IMG_0172\" src=\"https:\/\/spp.bplaced.net\/wp-content\/uploads\/2015\/12\/IMG_0172.jpg\" width=\"1772\" height=\"1329\" srcset=\"https:\/\/spp.bplaced.net\/wp-content\/uploads\/2015\/12\/IMG_0172.jpg 1772w, https:\/\/spp.bplaced.net\/wp-content\/uploads\/2015\/12\/IMG_0172-300x225.jpg 300w, https:\/\/spp.bplaced.net\/wp-content\/uploads\/2015\/12\/IMG_0172-1024x767.jpg 1024w\" sizes=\"auto, (max-width: 1772px) 100vw, 1772px\" \/> <img loading=\"lazy\" decoding=\"async\" class=\"alignleft size-full wp-image-4509\" alt=\"IMG_0173\" src=\"https:\/\/spp.bplaced.net\/wp-content\/uploads\/2015\/12\/IMG_0173.jpg\" width=\"1772\" height=\"1329\" srcset=\"https:\/\/spp.bplaced.net\/wp-content\/uploads\/2015\/12\/IMG_0173.jpg 1772w, https:\/\/spp.bplaced.net\/wp-content\/uploads\/2015\/12\/IMG_0173-300x225.jpg 300w, https:\/\/spp.bplaced.net\/wp-content\/uploads\/2015\/12\/IMG_0173-1024x767.jpg 1024w\" sizes=\"auto, (max-width: 1772px) 100vw, 1772px\" \/> <img loading=\"lazy\" decoding=\"async\" class=\"alignleft size-full wp-image-4510\" alt=\"IMG_0174\" src=\"https:\/\/spp.bplaced.net\/wp-content\/uploads\/2015\/12\/IMG_0174.jpg\" width=\"1772\" height=\"1329\" srcset=\"https:\/\/spp.bplaced.net\/wp-content\/uploads\/2015\/12\/IMG_0174.jpg 1772w, https:\/\/spp.bplaced.net\/wp-content\/uploads\/2015\/12\/IMG_0174-300x225.jpg 300w, https:\/\/spp.bplaced.net\/wp-content\/uploads\/2015\/12\/IMG_0174-1024x767.jpg 1024w\" sizes=\"auto, (max-width: 1772px) 100vw, 1772px\" \/> <img loading=\"lazy\" decoding=\"async\" class=\"alignleft size-full wp-image-4511\" alt=\"IMG_0175\" src=\"https:\/\/spp.bplaced.net\/wp-content\/uploads\/2015\/12\/IMG_0175.jpg\" width=\"1772\" height=\"2363\" srcset=\"https:\/\/spp.bplaced.net\/wp-content\/uploads\/2015\/12\/IMG_0175.jpg 1772w, https:\/\/spp.bplaced.net\/wp-content\/uploads\/2015\/12\/IMG_0175-224x300.jpg 224w, https:\/\/spp.bplaced.net\/wp-content\/uploads\/2015\/12\/IMG_0175-767x1024.jpg 767w\" sizes=\"auto, (max-width: 1772px) 100vw, 1772px\" \/> <img loading=\"lazy\" decoding=\"async\" class=\"alignleft size-full wp-image-4512\" alt=\"IMG_0176\" src=\"https:\/\/spp.bplaced.net\/wp-content\/uploads\/2015\/12\/IMG_0176.jpg\" width=\"1772\" height=\"1329\" srcset=\"https:\/\/spp.bplaced.net\/wp-content\/uploads\/2015\/12\/IMG_0176.jpg 1772w, https:\/\/spp.bplaced.net\/wp-content\/uploads\/2015\/12\/IMG_0176-300x225.jpg 300w, https:\/\/spp.bplaced.net\/wp-content\/uploads\/2015\/12\/IMG_0176-1024x767.jpg 1024w\" sizes=\"auto, (max-width: 1772px) 100vw, 1772px\" \/> <img loading=\"lazy\" decoding=\"async\" class=\"alignleft size-full wp-image-4513\" alt=\"IMG_0177\" src=\"https:\/\/spp.bplaced.net\/wp-content\/uploads\/2015\/12\/IMG_0177.jpg\" width=\"1772\" height=\"1329\" srcset=\"https:\/\/spp.bplaced.net\/wp-content\/uploads\/2015\/12\/IMG_0177.jpg 1772w, https:\/\/spp.bplaced.net\/wp-content\/uploads\/2015\/12\/IMG_0177-300x225.jpg 300w, https:\/\/spp.bplaced.net\/wp-content\/uploads\/2015\/12\/IMG_0177-1024x767.jpg 1024w\" sizes=\"auto, (max-width: 1772px) 100vw, 1772px\" \/> <img loading=\"lazy\" decoding=\"async\" class=\"alignleft size-full wp-image-4514\" alt=\"IMG_0178\" src=\"https:\/\/spp.bplaced.net\/wp-content\/uploads\/2015\/12\/IMG_0178.jpg\" width=\"1772\" height=\"1329\" srcset=\"https:\/\/spp.bplaced.net\/wp-content\/uploads\/2015\/12\/IMG_0178.jpg 1772w, https:\/\/spp.bplaced.net\/wp-content\/uploads\/2015\/12\/IMG_0178-300x225.jpg 300w, https:\/\/spp.bplaced.net\/wp-content\/uploads\/2015\/12\/IMG_0178-1024x767.jpg 1024w\" sizes=\"auto, (max-width: 1772px) 100vw, 1772px\" \/> <img loading=\"lazy\" decoding=\"async\" class=\"alignleft size-full wp-image-4515\" alt=\"IMG_0179\" src=\"https:\/\/spp.bplaced.net\/wp-content\/uploads\/2015\/12\/IMG_0179.jpg\" width=\"1772\" height=\"1329\" srcset=\"https:\/\/spp.bplaced.net\/wp-content\/uploads\/2015\/12\/IMG_0179.jpg 1772w, https:\/\/spp.bplaced.net\/wp-content\/uploads\/2015\/12\/IMG_0179-300x225.jpg 300w, https:\/\/spp.bplaced.net\/wp-content\/uploads\/2015\/12\/IMG_0179-1024x767.jpg 1024w\" sizes=\"auto, (max-width: 1772px) 100vw, 1772px\" \/> <img loading=\"lazy\" decoding=\"async\" class=\"alignleft size-full wp-image-4516\" alt=\"IMG_0180\" src=\"https:\/\/spp.bplaced.net\/wp-content\/uploads\/2015\/12\/IMG_0180.jpg\" width=\"1772\" height=\"1329\" srcset=\"https:\/\/spp.bplaced.net\/wp-content\/uploads\/2015\/12\/IMG_0180.jpg 1772w, https:\/\/spp.bplaced.net\/wp-content\/uploads\/2015\/12\/IMG_0180-300x225.jpg 300w, https:\/\/spp.bplaced.net\/wp-content\/uploads\/2015\/12\/IMG_0180-1024x767.jpg 1024w\" sizes=\"auto, (max-width: 1772px) 100vw, 1772px\" \/> <img loading=\"lazy\" decoding=\"async\" class=\"alignleft size-full wp-image-4517\" alt=\"IMG_0181\" src=\"https:\/\/spp.bplaced.net\/wp-content\/uploads\/2015\/12\/IMG_0181.jpg\" width=\"1772\" height=\"2363\" srcset=\"https:\/\/spp.bplaced.net\/wp-content\/uploads\/2015\/12\/IMG_0181.jpg 1772w, https:\/\/spp.bplaced.net\/wp-content\/uploads\/2015\/12\/IMG_0181-224x300.jpg 224w, https:\/\/spp.bplaced.net\/wp-content\/uploads\/2015\/12\/IMG_0181-767x1024.jpg 767w\" sizes=\"auto, (max-width: 1772px) 100vw, 1772px\" \/><\/p>\n","protected":false},"excerpt":{"rendered":"<p>los gehts&#8230;&#8230; &nbsp; &nbsp; &nbsp; &nbsp; &nbsp; Der DLE hat einen CFK Ansaugtrichter bekommen f\u00fcr besseres Laufverhalten. Ein paar Schriften m\u00fcssen auch sein. Ausschl\u00e4ge und Halter f\u00fcr die Rauchpatronen. Geplottete Aufkleber&#8230;.. \u00a0<\/p>\n","protected":false},"author":1,"featured_media":0,"parent":68,"menu_order":0,"comment_status":"open","ping_status":"open","template":"","meta":{"footnotes":""},"class_list":["post-4443","page","type-page","status-publish","hentry"],"_links":{"self":[{"href":"https:\/\/spp.bplaced.net\/index.php?rest_route=\/wp\/v2\/pages\/4443","targetHints":{"allow":["GET"]}}],"collection":[{"href":"https:\/\/spp.bplaced.net\/index.php?rest_route=\/wp\/v2\/pages"}],"about":[{"href":"https:\/\/spp.bplaced.net\/index.php?rest_route=\/wp\/v2\/types\/page"}],"author":[{"embeddable":true,"href":"https:\/\/spp.bplaced.net\/index.php?rest_route=\/wp\/v2\/users\/1"}],"replies":[{"embeddable":true,"href":"https:\/\/spp.bplaced.net\/index.php?rest_route=%2Fwp%2Fv2%2Fcomments&post=4443"}],"version-history":[{"count":15,"href":"https:\/\/spp.bplaced.net\/index.php?rest_route=\/wp\/v2\/pages\/4443\/revisions"}],"predecessor-version":[{"id":4518,"href":"https:\/\/spp.bplaced.net\/index.php?rest_route=\/wp\/v2\/pages\/4443\/revisions\/4518"}],"up":[{"embeddable":true,"href":"https:\/\/spp.bplaced.net\/index.php?rest_route=\/wp\/v2\/pages\/68"}],"wp:attachment":[{"href":"https:\/\/spp.bplaced.net\/index.php?rest_route=%2Fwp%2Fv2%2Fmedia&parent=4443"}],"curies":[{"name":"wp","href":"https:\/\/api.w.org\/{rel}","templated":true}]}}