{"id":781,"date":"2014-02-02T15:30:18","date_gmt":"2014-02-02T13:30:18","guid":{"rendered":"http:\/\/spp.bplaced.net\/?page_id=781"},"modified":"2014-02-02T15:30:18","modified_gmt":"2014-02-02T13:30:18","slug":"hawk-in-wuestentarnung","status":"publish","type":"page","link":"https:\/\/spp.bplaced.net\/?page_id=781","title":{"rendered":"Hawk in W\u00fcstentarnung"},"content":{"rendered":"<p>hier ein etwas anderes Colorshema. Eine gro\u00dfe Hawk in W\u00fcstentarnung. Das Modell war sehr sauber lackiert aber noch ohne Weathering, dem konnten wir dann Abhilfe schaffen.<\/p>\n<p><img loading=\"lazy\" decoding=\"async\" class=\"alignnone size-medium wp-image-828\" alt=\"IMG_5483\" src=\"https:\/\/spp.bplaced.net\/wp-content\/uploads\/2014\/02\/IMG_5483-300x225.jpg\" width=\"300\" height=\"225\" srcset=\"https:\/\/spp.bplaced.net\/wp-content\/uploads\/2014\/02\/IMG_5483-300x225.jpg 300w, https:\/\/spp.bplaced.net\/wp-content\/uploads\/2014\/02\/IMG_5483.jpg 945w\" sizes=\"auto, (max-width: 300px) 100vw, 300px\" \/> <img loading=\"lazy\" decoding=\"async\" class=\"alignnone size-medium wp-image-827\" alt=\"IMG_5482\" src=\"https:\/\/spp.bplaced.net\/wp-content\/uploads\/2014\/02\/IMG_5482-300x225.jpg\" width=\"300\" height=\"225\" srcset=\"https:\/\/spp.bplaced.net\/wp-content\/uploads\/2014\/02\/IMG_5482-300x225.jpg 300w, https:\/\/spp.bplaced.net\/wp-content\/uploads\/2014\/02\/IMG_5482.jpg 945w\" sizes=\"auto, (max-width: 300px) 100vw, 300px\" \/> <img loading=\"lazy\" decoding=\"async\" class=\"alignnone size-medium wp-image-826\" alt=\"IMG_5481\" src=\"https:\/\/spp.bplaced.net\/wp-content\/uploads\/2014\/02\/IMG_5481-300x225.jpg\" width=\"300\" height=\"225\" srcset=\"https:\/\/spp.bplaced.net\/wp-content\/uploads\/2014\/02\/IMG_5481-300x225.jpg 300w, https:\/\/spp.bplaced.net\/wp-content\/uploads\/2014\/02\/IMG_5481.jpg 945w\" sizes=\"auto, (max-width: 300px) 100vw, 300px\" \/> <a href=\"https:\/\/spp.bplaced.net\/wp-content\/uploads\/2014\/02\/IMG_5480.jpg\"><img loading=\"lazy\" decoding=\"async\" class=\"alignnone size-medium wp-image-825\" alt=\"IMG_5480\" src=\"https:\/\/spp.bplaced.net\/wp-content\/uploads\/2014\/02\/IMG_5480-300x225.jpg\" width=\"300\" height=\"225\" srcset=\"https:\/\/spp.bplaced.net\/wp-content\/uploads\/2014\/02\/IMG_5480-300x225.jpg 300w, https:\/\/spp.bplaced.net\/wp-content\/uploads\/2014\/02\/IMG_5480.jpg 945w\" sizes=\"auto, (max-width: 300px) 100vw, 300px\" \/><\/a> <img loading=\"lazy\" decoding=\"async\" class=\"alignnone size-medium wp-image-823\" alt=\"IMG_5478\" src=\"https:\/\/spp.bplaced.net\/wp-content\/uploads\/2014\/02\/IMG_5478-300x225.jpg\" width=\"300\" height=\"225\" srcset=\"https:\/\/spp.bplaced.net\/wp-content\/uploads\/2014\/02\/IMG_5478-300x225.jpg 300w, https:\/\/spp.bplaced.net\/wp-content\/uploads\/2014\/02\/IMG_5478.jpg 945w\" sizes=\"auto, (max-width: 300px) 100vw, 300px\" \/> <img loading=\"lazy\" decoding=\"async\" class=\"alignnone size-full wp-image-822\" alt=\"IMG_5477\" src=\"https:\/\/spp.bplaced.net\/wp-content\/uploads\/2014\/02\/IMG_5477.jpg\" width=\"945\" height=\"709\" srcset=\"https:\/\/spp.bplaced.net\/wp-content\/uploads\/2014\/02\/IMG_5477.jpg 945w, https:\/\/spp.bplaced.net\/wp-content\/uploads\/2014\/02\/IMG_5477-300x225.jpg 300w\" sizes=\"auto, (max-width: 945px) 100vw, 945px\" \/> <img loading=\"lazy\" decoding=\"async\" class=\"alignnone size-full wp-image-821\" alt=\"IMG_5476\" src=\"https:\/\/spp.bplaced.net\/wp-content\/uploads\/2014\/02\/IMG_5476.jpg\" width=\"945\" height=\"709\" srcset=\"https:\/\/spp.bplaced.net\/wp-content\/uploads\/2014\/02\/IMG_5476.jpg 945w, https:\/\/spp.bplaced.net\/wp-content\/uploads\/2014\/02\/IMG_5476-300x225.jpg 300w\" sizes=\"auto, (max-width: 945px) 100vw, 945px\" \/> <img loading=\"lazy\" decoding=\"async\" class=\"alignnone size-full wp-image-820\" alt=\"IMG_5475\" src=\"https:\/\/spp.bplaced.net\/wp-content\/uploads\/2014\/02\/IMG_5475.jpg\" width=\"945\" height=\"709\" srcset=\"https:\/\/spp.bplaced.net\/wp-content\/uploads\/2014\/02\/IMG_5475.jpg 945w, https:\/\/spp.bplaced.net\/wp-content\/uploads\/2014\/02\/IMG_5475-300x225.jpg 300w\" sizes=\"auto, (max-width: 945px) 100vw, 945px\" \/> <img loading=\"lazy\" decoding=\"async\" class=\"alignnone size-medium wp-image-819\" alt=\"IMG_5474\" src=\"https:\/\/spp.bplaced.net\/wp-content\/uploads\/2014\/02\/IMG_5474-300x225.jpg\" width=\"300\" height=\"225\" srcset=\"https:\/\/spp.bplaced.net\/wp-content\/uploads\/2014\/02\/IMG_5474-300x225.jpg 300w, https:\/\/spp.bplaced.net\/wp-content\/uploads\/2014\/02\/IMG_5474.jpg 945w\" sizes=\"auto, (max-width: 300px) 100vw, 300px\" \/> <img loading=\"lazy\" decoding=\"async\" class=\"alignnone size-medium wp-image-818\" alt=\"IMG_5473\" src=\"https:\/\/spp.bplaced.net\/wp-content\/uploads\/2014\/02\/IMG_5473-300x225.jpg\" width=\"300\" height=\"225\" srcset=\"https:\/\/spp.bplaced.net\/wp-content\/uploads\/2014\/02\/IMG_5473-300x225.jpg 300w, https:\/\/spp.bplaced.net\/wp-content\/uploads\/2014\/02\/IMG_5473.jpg 945w\" sizes=\"auto, (max-width: 300px) 100vw, 300px\" \/> <img loading=\"lazy\" decoding=\"async\" class=\"alignnone size-medium wp-image-817\" alt=\"IMG_5472\" src=\"https:\/\/spp.bplaced.net\/wp-content\/uploads\/2014\/02\/IMG_5472-225x300.jpg\" width=\"225\" height=\"300\" srcset=\"https:\/\/spp.bplaced.net\/wp-content\/uploads\/2014\/02\/IMG_5472-225x300.jpg 225w, https:\/\/spp.bplaced.net\/wp-content\/uploads\/2014\/02\/IMG_5472-768x1024.jpg 768w, https:\/\/spp.bplaced.net\/wp-content\/uploads\/2014\/02\/IMG_5472.jpg 945w\" sizes=\"auto, (max-width: 225px) 100vw, 225px\" \/> <img loading=\"lazy\" decoding=\"async\" class=\"alignnone size-full wp-image-816\" alt=\"IMG_5471\" src=\"https:\/\/spp.bplaced.net\/wp-content\/uploads\/2014\/02\/IMG_5471.jpg\" width=\"945\" height=\"709\" srcset=\"https:\/\/spp.bplaced.net\/wp-content\/uploads\/2014\/02\/IMG_5471.jpg 945w, https:\/\/spp.bplaced.net\/wp-content\/uploads\/2014\/02\/IMG_5471-300x225.jpg 300w\" sizes=\"auto, (max-width: 945px) 100vw, 945px\" \/> <img loading=\"lazy\" decoding=\"async\" class=\"alignnone size-medium wp-image-814\" alt=\"IMG_5469\" src=\"https:\/\/spp.bplaced.net\/wp-content\/uploads\/2014\/02\/IMG_5469-300x225.jpg\" width=\"300\" height=\"225\" srcset=\"https:\/\/spp.bplaced.net\/wp-content\/uploads\/2014\/02\/IMG_5469-300x225.jpg 300w, https:\/\/spp.bplaced.net\/wp-content\/uploads\/2014\/02\/IMG_5469.jpg 945w\" sizes=\"auto, (max-width: 300px) 100vw, 300px\" \/> <img loading=\"lazy\" decoding=\"async\" class=\"alignnone size-medium wp-image-813\" alt=\"IMG_5467\" src=\"https:\/\/spp.bplaced.net\/wp-content\/uploads\/2014\/02\/IMG_5467-300x225.jpg\" width=\"300\" height=\"225\" srcset=\"https:\/\/spp.bplaced.net\/wp-content\/uploads\/2014\/02\/IMG_5467-300x225.jpg 300w, https:\/\/spp.bplaced.net\/wp-content\/uploads\/2014\/02\/IMG_5467.jpg 945w\" sizes=\"auto, (max-width: 300px) 100vw, 300px\" \/> <img loading=\"lazy\" decoding=\"async\" class=\"alignnone size-medium wp-image-812\" alt=\"IMG_5466\" src=\"https:\/\/spp.bplaced.net\/wp-content\/uploads\/2014\/02\/IMG_5466-300x225.jpg\" width=\"300\" height=\"225\" srcset=\"https:\/\/spp.bplaced.net\/wp-content\/uploads\/2014\/02\/IMG_5466-300x225.jpg 300w, https:\/\/spp.bplaced.net\/wp-content\/uploads\/2014\/02\/IMG_5466.jpg 945w\" sizes=\"auto, (max-width: 300px) 100vw, 300px\" \/> <img loading=\"lazy\" decoding=\"async\" class=\"alignnone size-medium wp-image-811\" alt=\"IMG_5465\" src=\"https:\/\/spp.bplaced.net\/wp-content\/uploads\/2014\/02\/IMG_5465-300x225.jpg\" width=\"300\" height=\"225\" srcset=\"https:\/\/spp.bplaced.net\/wp-content\/uploads\/2014\/02\/IMG_5465-300x225.jpg 300w, https:\/\/spp.bplaced.net\/wp-content\/uploads\/2014\/02\/IMG_5465.jpg 945w\" sizes=\"auto, (max-width: 300px) 100vw, 300px\" \/> <img loading=\"lazy\" decoding=\"async\" class=\"alignnone size-full wp-image-810\" alt=\"IMG_5464\" src=\"https:\/\/spp.bplaced.net\/wp-content\/uploads\/2014\/02\/IMG_5464.jpg\" width=\"945\" height=\"709\" srcset=\"https:\/\/spp.bplaced.net\/wp-content\/uploads\/2014\/02\/IMG_5464.jpg 945w, https:\/\/spp.bplaced.net\/wp-content\/uploads\/2014\/02\/IMG_5464-300x225.jpg 300w\" sizes=\"auto, (max-width: 945px) 100vw, 945px\" \/> <img loading=\"lazy\" decoding=\"async\" class=\"alignnone size-full wp-image-809\" alt=\"IMG_5463\" src=\"https:\/\/spp.bplaced.net\/wp-content\/uploads\/2014\/02\/IMG_5463.jpg\" width=\"945\" height=\"709\" srcset=\"https:\/\/spp.bplaced.net\/wp-content\/uploads\/2014\/02\/IMG_5463.jpg 945w, https:\/\/spp.bplaced.net\/wp-content\/uploads\/2014\/02\/IMG_5463-300x225.jpg 300w\" sizes=\"auto, (max-width: 945px) 100vw, 945px\" \/> <img loading=\"lazy\" decoding=\"async\" class=\"alignnone size-full wp-image-808\" alt=\"IMG_5462\" src=\"https:\/\/spp.bplaced.net\/wp-content\/uploads\/2014\/02\/IMG_5462.jpg\" width=\"945\" height=\"709\" srcset=\"https:\/\/spp.bplaced.net\/wp-content\/uploads\/2014\/02\/IMG_5462.jpg 945w, https:\/\/spp.bplaced.net\/wp-content\/uploads\/2014\/02\/IMG_5462-300x225.jpg 300w\" sizes=\"auto, (max-width: 945px) 100vw, 945px\" \/> <img loading=\"lazy\" decoding=\"async\" class=\"alignnone size-full wp-image-807\" alt=\"IMG_5461\" src=\"https:\/\/spp.bplaced.net\/wp-content\/uploads\/2014\/02\/IMG_5461.jpg\" width=\"945\" height=\"709\" srcset=\"https:\/\/spp.bplaced.net\/wp-content\/uploads\/2014\/02\/IMG_5461.jpg 945w, https:\/\/spp.bplaced.net\/wp-content\/uploads\/2014\/02\/IMG_5461-300x225.jpg 300w\" sizes=\"auto, (max-width: 945px) 100vw, 945px\" \/> <img loading=\"lazy\" decoding=\"async\" class=\"alignnone size-medium wp-image-806\" alt=\"IMG_5460\" src=\"https:\/\/spp.bplaced.net\/wp-content\/uploads\/2014\/02\/IMG_5460-300x225.jpg\" width=\"300\" height=\"225\" srcset=\"https:\/\/spp.bplaced.net\/wp-content\/uploads\/2014\/02\/IMG_5460-300x225.jpg 300w, https:\/\/spp.bplaced.net\/wp-content\/uploads\/2014\/02\/IMG_5460.jpg 945w\" sizes=\"auto, (max-width: 300px) 100vw, 300px\" \/> <img loading=\"lazy\" decoding=\"async\" class=\"alignnone size-medium wp-image-805\" alt=\"IMG_5459\" src=\"https:\/\/spp.bplaced.net\/wp-content\/uploads\/2014\/02\/IMG_5459-300x225.jpg\" width=\"300\" height=\"225\" srcset=\"https:\/\/spp.bplaced.net\/wp-content\/uploads\/2014\/02\/IMG_5459-300x225.jpg 300w, https:\/\/spp.bplaced.net\/wp-content\/uploads\/2014\/02\/IMG_5459.jpg 945w\" sizes=\"auto, (max-width: 300px) 100vw, 300px\" \/> <a href=\"https:\/\/spp.bplaced.net\/wp-content\/uploads\/2014\/02\/IMG_5458.jpg\"><img loading=\"lazy\" decoding=\"async\" class=\"alignnone size-medium wp-image-804\" alt=\"IMG_5458\" src=\"https:\/\/spp.bplaced.net\/wp-content\/uploads\/2014\/02\/IMG_5458-300x225.jpg\" width=\"300\" height=\"225\" srcset=\"https:\/\/spp.bplaced.net\/wp-content\/uploads\/2014\/02\/IMG_5458-300x225.jpg 300w, https:\/\/spp.bplaced.net\/wp-content\/uploads\/2014\/02\/IMG_5458.jpg 945w\" sizes=\"auto, (max-width: 300px) 100vw, 300px\" \/><\/a> <img loading=\"lazy\" decoding=\"async\" class=\"alignnone size-medium wp-image-803\" alt=\"IMG_5457\" src=\"https:\/\/spp.bplaced.net\/wp-content\/uploads\/2014\/02\/IMG_5457-300x225.jpg\" width=\"300\" height=\"225\" srcset=\"https:\/\/spp.bplaced.net\/wp-content\/uploads\/2014\/02\/IMG_5457-300x225.jpg 300w, https:\/\/spp.bplaced.net\/wp-content\/uploads\/2014\/02\/IMG_5457.jpg 945w\" sizes=\"auto, (max-width: 300px) 100vw, 300px\" \/> <img loading=\"lazy\" decoding=\"async\" class=\"alignnone size-full wp-image-802\" alt=\"IMG_5456\" src=\"https:\/\/spp.bplaced.net\/wp-content\/uploads\/2014\/02\/IMG_5456.jpg\" width=\"945\" height=\"709\" srcset=\"https:\/\/spp.bplaced.net\/wp-content\/uploads\/2014\/02\/IMG_5456.jpg 945w, https:\/\/spp.bplaced.net\/wp-content\/uploads\/2014\/02\/IMG_5456-300x225.jpg 300w\" sizes=\"auto, (max-width: 945px) 100vw, 945px\" \/> <img loading=\"lazy\" decoding=\"async\" class=\"alignnone size-full wp-image-801\" alt=\"IMG_5455\" src=\"https:\/\/spp.bplaced.net\/wp-content\/uploads\/2014\/02\/IMG_5455.jpg\" width=\"945\" height=\"709\" srcset=\"https:\/\/spp.bplaced.net\/wp-content\/uploads\/2014\/02\/IMG_5455.jpg 945w, https:\/\/spp.bplaced.net\/wp-content\/uploads\/2014\/02\/IMG_5455-300x225.jpg 300w\" sizes=\"auto, (max-width: 945px) 100vw, 945px\" \/> <img loading=\"lazy\" decoding=\"async\" class=\"alignnone size-medium wp-image-799\" alt=\"IMG_5453\" src=\"https:\/\/spp.bplaced.net\/wp-content\/uploads\/2014\/02\/IMG_5453-300x225.jpg\" width=\"300\" height=\"225\" srcset=\"https:\/\/spp.bplaced.net\/wp-content\/uploads\/2014\/02\/IMG_5453-300x225.jpg 300w, https:\/\/spp.bplaced.net\/wp-content\/uploads\/2014\/02\/IMG_5453.jpg 945w\" sizes=\"auto, (max-width: 300px) 100vw, 300px\" \/>Hier noch vor dem &#8220; verschmutzen&#8220;, man sieht fast keine Details.<\/p>\n<p><img loading=\"lazy\" decoding=\"async\" class=\"alignnone size-medium wp-image-798\" alt=\"IMG_5452\" src=\"https:\/\/spp.bplaced.net\/wp-content\/uploads\/2014\/02\/IMG_5452-300x225.jpg\" width=\"300\" height=\"225\" srcset=\"https:\/\/spp.bplaced.net\/wp-content\/uploads\/2014\/02\/IMG_5452-300x225.jpg 300w, https:\/\/spp.bplaced.net\/wp-content\/uploads\/2014\/02\/IMG_5452.jpg 945w\" sizes=\"auto, (max-width: 300px) 100vw, 300px\" \/> <img loading=\"lazy\" decoding=\"async\" class=\"alignnone size-medium wp-image-795\" alt=\"IMG_5449\" src=\"https:\/\/spp.bplaced.net\/wp-content\/uploads\/2014\/02\/IMG_5449-300x225.jpg\" width=\"300\" height=\"225\" srcset=\"https:\/\/spp.bplaced.net\/wp-content\/uploads\/2014\/02\/IMG_5449-300x225.jpg 300w, https:\/\/spp.bplaced.net\/wp-content\/uploads\/2014\/02\/IMG_5449.jpg 945w\" sizes=\"auto, (max-width: 300px) 100vw, 300px\" \/> <img loading=\"lazy\" decoding=\"async\" class=\"alignnone size-medium wp-image-792\" alt=\"IMG_5446\" src=\"https:\/\/spp.bplaced.net\/wp-content\/uploads\/2014\/02\/IMG_5446-300x225.jpg\" width=\"300\" height=\"225\" srcset=\"https:\/\/spp.bplaced.net\/wp-content\/uploads\/2014\/02\/IMG_5446-300x225.jpg 300w, https:\/\/spp.bplaced.net\/wp-content\/uploads\/2014\/02\/IMG_5446.jpg 945w\" sizes=\"auto, (max-width: 300px) 100vw, 300px\" \/> <img loading=\"lazy\" decoding=\"async\" class=\"alignnone size-medium wp-image-789\" alt=\"IMG_5443\" src=\"https:\/\/spp.bplaced.net\/wp-content\/uploads\/2014\/02\/IMG_5443-300x225.jpg\" width=\"300\" height=\"225\" srcset=\"https:\/\/spp.bplaced.net\/wp-content\/uploads\/2014\/02\/IMG_5443-300x225.jpg 300w, https:\/\/spp.bplaced.net\/wp-content\/uploads\/2014\/02\/IMG_5443.jpg 945w\" sizes=\"auto, (max-width: 300px) 100vw, 300px\" \/> <img loading=\"lazy\" decoding=\"async\" class=\"alignnone size-medium wp-image-788\" alt=\"IMG_5442\" src=\"https:\/\/spp.bplaced.net\/wp-content\/uploads\/2014\/02\/IMG_5442-225x300.jpg\" width=\"225\" height=\"300\" srcset=\"https:\/\/spp.bplaced.net\/wp-content\/uploads\/2014\/02\/IMG_5442-225x300.jpg 225w, https:\/\/spp.bplaced.net\/wp-content\/uploads\/2014\/02\/IMG_5442-768x1024.jpg 768w, https:\/\/spp.bplaced.net\/wp-content\/uploads\/2014\/02\/IMG_5442.jpg 945w\" sizes=\"auto, (max-width: 225px) 100vw, 225px\" \/> <img loading=\"lazy\" decoding=\"async\" class=\"alignnone size-medium wp-image-787\" alt=\"IMG_5441\" src=\"https:\/\/spp.bplaced.net\/wp-content\/uploads\/2014\/02\/IMG_5441-225x300.jpg\" width=\"225\" height=\"300\" srcset=\"https:\/\/spp.bplaced.net\/wp-content\/uploads\/2014\/02\/IMG_5441-225x300.jpg 225w, https:\/\/spp.bplaced.net\/wp-content\/uploads\/2014\/02\/IMG_5441-768x1024.jpg 768w, https:\/\/spp.bplaced.net\/wp-content\/uploads\/2014\/02\/IMG_5441.jpg 945w\" sizes=\"auto, (max-width: 225px) 100vw, 225px\" \/> <img loading=\"lazy\" decoding=\"async\" class=\"alignnone size-medium wp-image-783\" alt=\"IMG_5437\" src=\"https:\/\/spp.bplaced.net\/wp-content\/uploads\/2014\/02\/IMG_5437-225x300.jpg\" width=\"225\" height=\"300\" srcset=\"https:\/\/spp.bplaced.net\/wp-content\/uploads\/2014\/02\/IMG_5437-225x300.jpg 225w, https:\/\/spp.bplaced.net\/wp-content\/uploads\/2014\/02\/IMG_5437-768x1024.jpg 768w, https:\/\/spp.bplaced.net\/wp-content\/uploads\/2014\/02\/IMG_5437.jpg 945w\" sizes=\"auto, (max-width: 225px) 100vw, 225px\" \/> <img loading=\"lazy\" decoding=\"async\" class=\"alignnone size-medium wp-image-782\" alt=\"IMG_5436\" src=\"https:\/\/spp.bplaced.net\/wp-content\/uploads\/2014\/02\/IMG_5436-225x300.jpg\" width=\"225\" height=\"300\" srcset=\"https:\/\/spp.bplaced.net\/wp-content\/uploads\/2014\/02\/IMG_5436-225x300.jpg 225w, https:\/\/spp.bplaced.net\/wp-content\/uploads\/2014\/02\/IMG_5436-768x1024.jpg 768w, https:\/\/spp.bplaced.net\/wp-content\/uploads\/2014\/02\/IMG_5436.jpg 945w\" sizes=\"auto, (max-width: 225px) 100vw, 225px\" \/><\/p>\n","protected":false},"excerpt":{"rendered":"<p>hier ein etwas anderes Colorshema. Eine gro\u00dfe Hawk in W\u00fcstentarnung. Das Modell war sehr sauber lackiert aber noch ohne Weathering, dem konnten wir dann Abhilfe schaffen. Hier noch vor dem &#8220; verschmutzen&#8220;, man sieht fast keine Details.<\/p>\n","protected":false},"author":1,"featured_media":0,"parent":68,"menu_order":0,"comment_status":"open","ping_status":"open","template":"","meta":{"footnotes":""},"class_list":["post-781","page","type-page","status-publish","hentry"],"_links":{"self":[{"href":"https:\/\/spp.bplaced.net\/index.php?rest_route=\/wp\/v2\/pages\/781","targetHints":{"allow":["GET"]}}],"collection":[{"href":"https:\/\/spp.bplaced.net\/index.php?rest_route=\/wp\/v2\/pages"}],"about":[{"href":"https:\/\/spp.bplaced.net\/index.php?rest_route=\/wp\/v2\/types\/page"}],"author":[{"embeddable":true,"href":"https:\/\/spp.bplaced.net\/index.php?rest_route=\/wp\/v2\/users\/1"}],"replies":[{"embeddable":true,"href":"https:\/\/spp.bplaced.net\/index.php?rest_route=%2Fwp%2Fv2%2Fcomments&post=781"}],"version-history":[{"count":1,"href":"https:\/\/spp.bplaced.net\/index.php?rest_route=\/wp\/v2\/pages\/781\/revisions"}],"predecessor-version":[{"id":832,"href":"https:\/\/spp.bplaced.net\/index.php?rest_route=\/wp\/v2\/pages\/781\/revisions\/832"}],"up":[{"embeddable":true,"href":"https:\/\/spp.bplaced.net\/index.php?rest_route=\/wp\/v2\/pages\/68"}],"wp:attachment":[{"href":"https:\/\/spp.bplaced.net\/index.php?rest_route=%2Fwp%2Fv2%2Fmedia&parent=781"}],"curies":[{"name":"wp","href":"https:\/\/api.w.org\/{rel}","templated":true}]}}