{"id":8773,"date":"2019-04-29T16:17:44","date_gmt":"2019-04-29T14:17:44","guid":{"rendered":"http:\/\/spp.bplaced.net\/?page_id=8773"},"modified":"2019-05-15T10:26:55","modified_gmt":"2019-05-15T08:26:55","slug":"corsair-f-4-u-olanthe-mit-3m-extreme-weathering","status":"publish","type":"page","link":"https:\/\/spp.bplaced.net\/?page_id=8773","title":{"rendered":"Corsair F 4 U &#8222;Olathe&#8220; mit 3m, extreme Weathering"},"content":{"rendered":"<p>Hir wird demn\u00e4chste eine 3 m Corsair lackiert. Das Besondere ist dass der Kunde ein &#8222;extremes weathering&#8220; m\u00f6chte. Als ob die Maschine schon 20 Jahre im Freien verbracht hat. Das wird wieder einmal eine Herausvorderung werden. So k\u00f6nnte das Ganze dann aussehen, nat\u00fcrlich ohne die Sch\u00e4den, sie soll ja noch fliegen:-)<\/p>\n<p><img loading=\"lazy\" decoding=\"async\" class=\"alignleft size-full wp-image-8774\" alt=\"maxresdefault\" src=\"https:\/\/spp.bplaced.net\/wp-content\/uploads\/2019\/04\/maxresdefault.jpg\" width=\"1280\" height=\"720\" srcset=\"https:\/\/spp.bplaced.net\/wp-content\/uploads\/2019\/04\/maxresdefault.jpg 1280w, https:\/\/spp.bplaced.net\/wp-content\/uploads\/2019\/04\/maxresdefault-300x168.jpg 300w, https:\/\/spp.bplaced.net\/wp-content\/uploads\/2019\/04\/maxresdefault-1024x576.jpg 1024w\" sizes=\"auto, (max-width: 1280px) 100vw, 1280px\" \/><\/p>\n<p><img loading=\"lazy\" decoding=\"async\" class=\"alignleft size-full wp-image-8776\" alt=\"DSC_0335\" src=\"https:\/\/spp.bplaced.net\/wp-content\/uploads\/2019\/04\/DSC_0335.jpg\" width=\"3872\" height=\"2592\" srcset=\"https:\/\/spp.bplaced.net\/wp-content\/uploads\/2019\/04\/DSC_0335.jpg 3872w, https:\/\/spp.bplaced.net\/wp-content\/uploads\/2019\/04\/DSC_0335-300x200.jpg 300w, https:\/\/spp.bplaced.net\/wp-content\/uploads\/2019\/04\/DSC_0335-1024x685.jpg 1024w\" sizes=\"auto, (max-width: 3872px) 100vw, 3872px\" \/><\/p>\n<p><img loading=\"lazy\" decoding=\"async\" class=\"alignleft size-full wp-image-8777\" alt=\"DSC_0336\" src=\"https:\/\/spp.bplaced.net\/wp-content\/uploads\/2019\/04\/DSC_0336.jpg\" width=\"3872\" height=\"2592\" srcset=\"https:\/\/spp.bplaced.net\/wp-content\/uploads\/2019\/04\/DSC_0336.jpg 3872w, https:\/\/spp.bplaced.net\/wp-content\/uploads\/2019\/04\/DSC_0336-300x200.jpg 300w, https:\/\/spp.bplaced.net\/wp-content\/uploads\/2019\/04\/DSC_0336-1024x685.jpg 1024w\" sizes=\"auto, (max-width: 3872px) 100vw, 3872px\" \/><\/p>\n<p><img loading=\"lazy\" decoding=\"async\" class=\"alignleft size-full wp-image-8778\" alt=\"DSC_0337\" src=\"https:\/\/spp.bplaced.net\/wp-content\/uploads\/2019\/04\/DSC_0337.jpg\" width=\"3872\" height=\"2592\" srcset=\"https:\/\/spp.bplaced.net\/wp-content\/uploads\/2019\/04\/DSC_0337.jpg 3872w, https:\/\/spp.bplaced.net\/wp-content\/uploads\/2019\/04\/DSC_0337-300x200.jpg 300w, https:\/\/spp.bplaced.net\/wp-content\/uploads\/2019\/04\/DSC_0337-1024x685.jpg 1024w\" sizes=\"auto, (max-width: 3872px) 100vw, 3872px\" \/><\/p>\n<p><img loading=\"lazy\" decoding=\"async\" class=\"alignleft size-full wp-image-8779\" alt=\"DSC_0338\" src=\"https:\/\/spp.bplaced.net\/wp-content\/uploads\/2019\/04\/DSC_0338.jpg\" width=\"3872\" height=\"2592\" srcset=\"https:\/\/spp.bplaced.net\/wp-content\/uploads\/2019\/04\/DSC_0338.jpg 3872w, https:\/\/spp.bplaced.net\/wp-content\/uploads\/2019\/04\/DSC_0338-300x200.jpg 300w, https:\/\/spp.bplaced.net\/wp-content\/uploads\/2019\/04\/DSC_0338-1024x685.jpg 1024w\" sizes=\"auto, (max-width: 3872px) 100vw, 3872px\" \/><\/p>\n<p><img loading=\"lazy\" decoding=\"async\" class=\"alignleft size-full wp-image-8793\" alt=\"DSC_0348\" src=\"https:\/\/spp.bplaced.net\/wp-content\/uploads\/2019\/04\/DSC_0348.jpg\" width=\"3872\" height=\"2592\" srcset=\"https:\/\/spp.bplaced.net\/wp-content\/uploads\/2019\/04\/DSC_0348.jpg 3872w, https:\/\/spp.bplaced.net\/wp-content\/uploads\/2019\/04\/DSC_0348-300x200.jpg 300w, https:\/\/spp.bplaced.net\/wp-content\/uploads\/2019\/04\/DSC_0348-1024x685.jpg 1024w\" sizes=\"auto, (max-width: 3872px) 100vw, 3872px\" \/><\/p>\n<p><img loading=\"lazy\" decoding=\"async\" class=\"alignleft size-full wp-image-8794\" alt=\"DSC_0349\" src=\"https:\/\/spp.bplaced.net\/wp-content\/uploads\/2019\/04\/DSC_0349.jpg\" width=\"3872\" height=\"2592\" srcset=\"https:\/\/spp.bplaced.net\/wp-content\/uploads\/2019\/04\/DSC_0349.jpg 3872w, https:\/\/spp.bplaced.net\/wp-content\/uploads\/2019\/04\/DSC_0349-300x200.jpg 300w, https:\/\/spp.bplaced.net\/wp-content\/uploads\/2019\/04\/DSC_0349-1024x685.jpg 1024w\" sizes=\"auto, (max-width: 3872px) 100vw, 3872px\" \/><\/p>\n<p><img loading=\"lazy\" decoding=\"async\" class=\"alignleft size-full wp-image-8795\" alt=\"DSC_0352\" src=\"https:\/\/spp.bplaced.net\/wp-content\/uploads\/2019\/04\/DSC_0352.jpg\" width=\"3872\" height=\"2592\" srcset=\"https:\/\/spp.bplaced.net\/wp-content\/uploads\/2019\/04\/DSC_0352.jpg 3872w, https:\/\/spp.bplaced.net\/wp-content\/uploads\/2019\/04\/DSC_0352-300x200.jpg 300w, https:\/\/spp.bplaced.net\/wp-content\/uploads\/2019\/04\/DSC_0352-1024x685.jpg 1024w\" sizes=\"auto, (max-width: 3872px) 100vw, 3872px\" \/><\/p>\n<p><img loading=\"lazy\" decoding=\"async\" class=\"alignleft size-full wp-image-8796\" alt=\"DSC_0353\" src=\"https:\/\/spp.bplaced.net\/wp-content\/uploads\/2019\/04\/DSC_0353.jpg\" width=\"3872\" height=\"2592\" srcset=\"https:\/\/spp.bplaced.net\/wp-content\/uploads\/2019\/04\/DSC_0353.jpg 3872w, https:\/\/spp.bplaced.net\/wp-content\/uploads\/2019\/04\/DSC_0353-300x200.jpg 300w, https:\/\/spp.bplaced.net\/wp-content\/uploads\/2019\/04\/DSC_0353-1024x685.jpg 1024w\" sizes=\"auto, (max-width: 3872px) 100vw, 3872px\" \/><\/p>\n<p><img loading=\"lazy\" decoding=\"async\" class=\"alignleft size-full wp-image-8797\" alt=\"DSC_0361\" src=\"https:\/\/spp.bplaced.net\/wp-content\/uploads\/2019\/04\/DSC_0361.jpg\" width=\"3872\" height=\"2592\" srcset=\"https:\/\/spp.bplaced.net\/wp-content\/uploads\/2019\/04\/DSC_0361.jpg 3872w, https:\/\/spp.bplaced.net\/wp-content\/uploads\/2019\/04\/DSC_0361-300x200.jpg 300w, https:\/\/spp.bplaced.net\/wp-content\/uploads\/2019\/04\/DSC_0361-1024x685.jpg 1024w\" sizes=\"auto, (max-width: 3872px) 100vw, 3872px\" \/><\/p>\n<p><img loading=\"lazy\" decoding=\"async\" class=\"alignleft size-full wp-image-8798\" alt=\"DSC_0362\" src=\"https:\/\/spp.bplaced.net\/wp-content\/uploads\/2019\/04\/DSC_0362.jpg\" width=\"3872\" height=\"2592\" srcset=\"https:\/\/spp.bplaced.net\/wp-content\/uploads\/2019\/04\/DSC_0362.jpg 3872w, https:\/\/spp.bplaced.net\/wp-content\/uploads\/2019\/04\/DSC_0362-300x200.jpg 300w, https:\/\/spp.bplaced.net\/wp-content\/uploads\/2019\/04\/DSC_0362-1024x685.jpg 1024w\" sizes=\"auto, (max-width: 3872px) 100vw, 3872px\" \/><\/p>\n<p><img loading=\"lazy\" decoding=\"async\" class=\"alignleft size-full wp-image-8799\" alt=\"DSC_0363\" src=\"https:\/\/spp.bplaced.net\/wp-content\/uploads\/2019\/04\/DSC_0363.jpg\" width=\"3872\" height=\"2592\" srcset=\"https:\/\/spp.bplaced.net\/wp-content\/uploads\/2019\/04\/DSC_0363.jpg 3872w, https:\/\/spp.bplaced.net\/wp-content\/uploads\/2019\/04\/DSC_0363-300x200.jpg 300w, https:\/\/spp.bplaced.net\/wp-content\/uploads\/2019\/04\/DSC_0363-1024x685.jpg 1024w\" sizes=\"auto, (max-width: 3872px) 100vw, 3872px\" \/><\/p>\n<p><img loading=\"lazy\" decoding=\"async\" class=\"alignleft size-full wp-image-8800\" alt=\"DSC_0364\" src=\"https:\/\/spp.bplaced.net\/wp-content\/uploads\/2019\/04\/DSC_0364.jpg\" width=\"3872\" height=\"2592\" srcset=\"https:\/\/spp.bplaced.net\/wp-content\/uploads\/2019\/04\/DSC_0364.jpg 3872w, https:\/\/spp.bplaced.net\/wp-content\/uploads\/2019\/04\/DSC_0364-300x200.jpg 300w, https:\/\/spp.bplaced.net\/wp-content\/uploads\/2019\/04\/DSC_0364-1024x685.jpg 1024w\" sizes=\"auto, (max-width: 3872px) 100vw, 3872px\" \/><\/p>\n<p><img loading=\"lazy\" decoding=\"async\" class=\"alignleft size-full wp-image-8801\" alt=\"DSC_0365\" src=\"https:\/\/spp.bplaced.net\/wp-content\/uploads\/2019\/04\/DSC_0365.jpg\" width=\"3872\" height=\"2592\" srcset=\"https:\/\/spp.bplaced.net\/wp-content\/uploads\/2019\/04\/DSC_0365.jpg 3872w, https:\/\/spp.bplaced.net\/wp-content\/uploads\/2019\/04\/DSC_0365-300x200.jpg 300w, https:\/\/spp.bplaced.net\/wp-content\/uploads\/2019\/04\/DSC_0365-1024x685.jpg 1024w\" sizes=\"auto, (max-width: 3872px) 100vw, 3872px\" \/><\/p>\n<p><img loading=\"lazy\" decoding=\"async\" class=\"alignleft size-full wp-image-8802\" alt=\"DSC_0366\" src=\"https:\/\/spp.bplaced.net\/wp-content\/uploads\/2019\/04\/DSC_0366.jpg\" width=\"3872\" height=\"2592\" srcset=\"https:\/\/spp.bplaced.net\/wp-content\/uploads\/2019\/04\/DSC_0366.jpg 3872w, https:\/\/spp.bplaced.net\/wp-content\/uploads\/2019\/04\/DSC_0366-300x200.jpg 300w, https:\/\/spp.bplaced.net\/wp-content\/uploads\/2019\/04\/DSC_0366-1024x685.jpg 1024w\" sizes=\"auto, (max-width: 3872px) 100vw, 3872px\" \/><\/p>\n<p><img loading=\"lazy\" decoding=\"async\" class=\"alignleft size-full wp-image-8803\" alt=\"DSC_0367\" src=\"https:\/\/spp.bplaced.net\/wp-content\/uploads\/2019\/04\/DSC_0367.jpg\" width=\"3872\" height=\"2592\" srcset=\"https:\/\/spp.bplaced.net\/wp-content\/uploads\/2019\/04\/DSC_0367.jpg 3872w, https:\/\/spp.bplaced.net\/wp-content\/uploads\/2019\/04\/DSC_0367-300x200.jpg 300w, https:\/\/spp.bplaced.net\/wp-content\/uploads\/2019\/04\/DSC_0367-1024x685.jpg 1024w\" sizes=\"auto, (max-width: 3872px) 100vw, 3872px\" \/><\/p>\n<p><img loading=\"lazy\" decoding=\"async\" class=\"alignleft size-full wp-image-8804\" alt=\"DSC_0368\" src=\"https:\/\/spp.bplaced.net\/wp-content\/uploads\/2019\/04\/DSC_0368.jpg\" width=\"3872\" height=\"2592\" srcset=\"https:\/\/spp.bplaced.net\/wp-content\/uploads\/2019\/04\/DSC_0368.jpg 3872w, https:\/\/spp.bplaced.net\/wp-content\/uploads\/2019\/04\/DSC_0368-300x200.jpg 300w, https:\/\/spp.bplaced.net\/wp-content\/uploads\/2019\/04\/DSC_0368-1024x685.jpg 1024w\" sizes=\"auto, (max-width: 3872px) 100vw, 3872px\" \/><\/p>\n<p><img loading=\"lazy\" decoding=\"async\" class=\"alignleft size-full wp-image-8805\" alt=\"DSC_0369\" src=\"https:\/\/spp.bplaced.net\/wp-content\/uploads\/2019\/04\/DSC_0369.jpg\" width=\"3872\" height=\"2592\" srcset=\"https:\/\/spp.bplaced.net\/wp-content\/uploads\/2019\/04\/DSC_0369.jpg 3872w, https:\/\/spp.bplaced.net\/wp-content\/uploads\/2019\/04\/DSC_0369-300x200.jpg 300w, https:\/\/spp.bplaced.net\/wp-content\/uploads\/2019\/04\/DSC_0369-1024x685.jpg 1024w\" sizes=\"auto, (max-width: 3872px) 100vw, 3872px\" \/><\/p>\n<p><img loading=\"lazy\" decoding=\"async\" class=\"alignleft size-full wp-image-8806\" alt=\"DSC_0370\" src=\"https:\/\/spp.bplaced.net\/wp-content\/uploads\/2019\/04\/DSC_0370.jpg\" width=\"3872\" height=\"2592\" srcset=\"https:\/\/spp.bplaced.net\/wp-content\/uploads\/2019\/04\/DSC_0370.jpg 3872w, https:\/\/spp.bplaced.net\/wp-content\/uploads\/2019\/04\/DSC_0370-300x200.jpg 300w, https:\/\/spp.bplaced.net\/wp-content\/uploads\/2019\/04\/DSC_0370-1024x685.jpg 1024w\" sizes=\"auto, (max-width: 3872px) 100vw, 3872px\" \/><\/p>\n<p><img loading=\"lazy\" decoding=\"async\" class=\"alignleft size-full wp-image-8807\" alt=\"DSC_0371\" src=\"https:\/\/spp.bplaced.net\/wp-content\/uploads\/2019\/04\/DSC_0371.jpg\" width=\"3872\" height=\"2592\" srcset=\"https:\/\/spp.bplaced.net\/wp-content\/uploads\/2019\/04\/DSC_0371.jpg 3872w, https:\/\/spp.bplaced.net\/wp-content\/uploads\/2019\/04\/DSC_0371-300x200.jpg 300w, https:\/\/spp.bplaced.net\/wp-content\/uploads\/2019\/04\/DSC_0371-1024x685.jpg 1024w\" sizes=\"auto, (max-width: 3872px) 100vw, 3872px\" \/><\/p>\n<p><img loading=\"lazy\" decoding=\"async\" class=\"alignleft size-full wp-image-8808\" alt=\"DSC_0372\" src=\"https:\/\/spp.bplaced.net\/wp-content\/uploads\/2019\/04\/DSC_0372.jpg\" width=\"3872\" height=\"2592\" srcset=\"https:\/\/spp.bplaced.net\/wp-content\/uploads\/2019\/04\/DSC_0372.jpg 3872w, https:\/\/spp.bplaced.net\/wp-content\/uploads\/2019\/04\/DSC_0372-300x200.jpg 300w, https:\/\/spp.bplaced.net\/wp-content\/uploads\/2019\/04\/DSC_0372-1024x685.jpg 1024w\" sizes=\"auto, (max-width: 3872px) 100vw, 3872px\" \/><\/p>\n<p><img loading=\"lazy\" decoding=\"async\" class=\"alignleft size-full wp-image-8809\" alt=\"DSC_0373\" src=\"https:\/\/spp.bplaced.net\/wp-content\/uploads\/2019\/04\/DSC_0373.jpg\" width=\"3872\" height=\"2592\" srcset=\"https:\/\/spp.bplaced.net\/wp-content\/uploads\/2019\/04\/DSC_0373.jpg 3872w, https:\/\/spp.bplaced.net\/wp-content\/uploads\/2019\/04\/DSC_0373-300x200.jpg 300w, https:\/\/spp.bplaced.net\/wp-content\/uploads\/2019\/04\/DSC_0373-1024x685.jpg 1024w\" sizes=\"auto, (max-width: 3872px) 100vw, 3872px\" \/><\/p>\n<p><img loading=\"lazy\" decoding=\"async\" class=\"alignleft size-full wp-image-8810\" alt=\"DSC_0374\" src=\"https:\/\/spp.bplaced.net\/wp-content\/uploads\/2019\/04\/DSC_0374.jpg\" width=\"3872\" height=\"2592\" srcset=\"https:\/\/spp.bplaced.net\/wp-content\/uploads\/2019\/04\/DSC_0374.jpg 3872w, https:\/\/spp.bplaced.net\/wp-content\/uploads\/2019\/04\/DSC_0374-300x200.jpg 300w, https:\/\/spp.bplaced.net\/wp-content\/uploads\/2019\/04\/DSC_0374-1024x685.jpg 1024w\" sizes=\"auto, (max-width: 3872px) 100vw, 3872px\" \/><\/p>\n<p><img loading=\"lazy\" decoding=\"async\" class=\"alignleft size-full wp-image-8811\" alt=\"DSC_0375\" src=\"https:\/\/spp.bplaced.net\/wp-content\/uploads\/2019\/04\/DSC_0375.jpg\" width=\"3872\" height=\"2592\" srcset=\"https:\/\/spp.bplaced.net\/wp-content\/uploads\/2019\/04\/DSC_0375.jpg 3872w, https:\/\/spp.bplaced.net\/wp-content\/uploads\/2019\/04\/DSC_0375-300x200.jpg 300w, https:\/\/spp.bplaced.net\/wp-content\/uploads\/2019\/04\/DSC_0375-1024x685.jpg 1024w\" sizes=\"auto, (max-width: 3872px) 100vw, 3872px\" \/><\/p>\n<p><img loading=\"lazy\" decoding=\"async\" class=\"alignleft size-full wp-image-8812\" alt=\"DSC_0376\" src=\"https:\/\/spp.bplaced.net\/wp-content\/uploads\/2019\/04\/DSC_0376.jpg\" width=\"3872\" height=\"2592\" srcset=\"https:\/\/spp.bplaced.net\/wp-content\/uploads\/2019\/04\/DSC_0376.jpg 3872w, https:\/\/spp.bplaced.net\/wp-content\/uploads\/2019\/04\/DSC_0376-300x200.jpg 300w, https:\/\/spp.bplaced.net\/wp-content\/uploads\/2019\/04\/DSC_0376-1024x685.jpg 1024w\" sizes=\"auto, (max-width: 3872px) 100vw, 3872px\" \/><\/p>\n<p><img loading=\"lazy\" decoding=\"async\" class=\"alignleft size-full wp-image-8817\" alt=\"DSC_0381\" src=\"https:\/\/spp.bplaced.net\/wp-content\/uploads\/2019\/04\/DSC_0381.jpg\" width=\"3872\" height=\"2592\" srcset=\"https:\/\/spp.bplaced.net\/wp-content\/uploads\/2019\/04\/DSC_0381.jpg 3872w, https:\/\/spp.bplaced.net\/wp-content\/uploads\/2019\/04\/DSC_0381-300x200.jpg 300w, https:\/\/spp.bplaced.net\/wp-content\/uploads\/2019\/04\/DSC_0381-1024x685.jpg 1024w\" sizes=\"auto, (max-width: 3872px) 100vw, 3872px\" \/><\/p>\n<p><img loading=\"lazy\" decoding=\"async\" class=\"alignleft size-full wp-image-8818\" alt=\"DSC_0382\" src=\"https:\/\/spp.bplaced.net\/wp-content\/uploads\/2019\/04\/DSC_0382.jpg\" width=\"3872\" height=\"2592\" srcset=\"https:\/\/spp.bplaced.net\/wp-content\/uploads\/2019\/04\/DSC_0382.jpg 3872w, https:\/\/spp.bplaced.net\/wp-content\/uploads\/2019\/04\/DSC_0382-300x200.jpg 300w, https:\/\/spp.bplaced.net\/wp-content\/uploads\/2019\/04\/DSC_0382-1024x685.jpg 1024w\" sizes=\"auto, (max-width: 3872px) 100vw, 3872px\" \/><\/p>\n<p><img loading=\"lazy\" decoding=\"async\" class=\"alignleft size-full wp-image-8835\" alt=\"DSC_6047\" src=\"https:\/\/spp.bplaced.net\/wp-content\/uploads\/2019\/04\/DSC_6047.jpg\" width=\"1969\" height=\"1318\" srcset=\"https:\/\/spp.bplaced.net\/wp-content\/uploads\/2019\/04\/DSC_6047.jpg 1969w, https:\/\/spp.bplaced.net\/wp-content\/uploads\/2019\/04\/DSC_6047-300x200.jpg 300w, https:\/\/spp.bplaced.net\/wp-content\/uploads\/2019\/04\/DSC_6047-1024x685.jpg 1024w\" sizes=\"auto, (max-width: 1969px) 100vw, 1969px\" \/><\/p>\n<p><img loading=\"lazy\" decoding=\"async\" class=\"alignleft size-full wp-image-8836\" alt=\"DSC_6048\" src=\"https:\/\/spp.bplaced.net\/wp-content\/uploads\/2019\/04\/DSC_6048.jpg\" width=\"1969\" height=\"1318\" srcset=\"https:\/\/spp.bplaced.net\/wp-content\/uploads\/2019\/04\/DSC_6048.jpg 1969w, https:\/\/spp.bplaced.net\/wp-content\/uploads\/2019\/04\/DSC_6048-300x200.jpg 300w, https:\/\/spp.bplaced.net\/wp-content\/uploads\/2019\/04\/DSC_6048-1024x685.jpg 1024w\" sizes=\"auto, (max-width: 1969px) 100vw, 1969px\" \/><\/p>\n","protected":false},"excerpt":{"rendered":"<p>Hir wird demn\u00e4chste eine 3 m Corsair lackiert. Das Besondere ist dass der Kunde ein &#8222;extremes weathering&#8220; m\u00f6chte. Als ob die Maschine schon 20 Jahre im Freien verbracht hat. Das wird wieder einmal eine Herausvorderung werden. So k\u00f6nnte das Ganze dann aussehen, nat\u00fcrlich ohne die Sch\u00e4den, sie soll ja noch fliegen:-)<\/p>\n","protected":false},"author":1,"featured_media":0,"parent":68,"menu_order":0,"comment_status":"open","ping_status":"open","template":"","meta":{"footnotes":""},"class_list":["post-8773","page","type-page","status-publish","hentry"],"_links":{"self":[{"href":"https:\/\/spp.bplaced.net\/index.php?rest_route=\/wp\/v2\/pages\/8773","targetHints":{"allow":["GET"]}}],"collection":[{"href":"https:\/\/spp.bplaced.net\/index.php?rest_route=\/wp\/v2\/pages"}],"about":[{"href":"https:\/\/spp.bplaced.net\/index.php?rest_route=\/wp\/v2\/types\/page"}],"author":[{"embeddable":true,"href":"https:\/\/spp.bplaced.net\/index.php?rest_route=\/wp\/v2\/users\/1"}],"replies":[{"embeddable":true,"href":"https:\/\/spp.bplaced.net\/index.php?rest_route=%2Fwp%2Fv2%2Fcomments&post=8773"}],"version-history":[{"count":6,"href":"https:\/\/spp.bplaced.net\/index.php?rest_route=\/wp\/v2\/pages\/8773\/revisions"}],"predecessor-version":[{"id":8837,"href":"https:\/\/spp.bplaced.net\/index.php?rest_route=\/wp\/v2\/pages\/8773\/revisions\/8837"}],"up":[{"embeddable":true,"href":"https:\/\/spp.bplaced.net\/index.php?rest_route=\/wp\/v2\/pages\/68"}],"wp:attachment":[{"href":"https:\/\/spp.bplaced.net\/index.php?rest_route=%2Fwp%2Fv2%2Fmedia&parent=8773"}],"curies":[{"name":"wp","href":"https:\/\/api.w.org\/{rel}","templated":true}]}}